{"id":26624,"date":"2025-04-02T15:56:07","date_gmt":"2025-04-02T13:56:07","guid":{"rendered":"https:\/\/demosites.royal-elementor-addons.com\/yoga-v2\/?page_id=6"},"modified":"2026-02-06T13:52:18","modified_gmt":"2026-02-06T12:52:18","slug":"home","status":"publish","type":"page","link":"https:\/\/gwsfilter.com\/de\/","title":{"rendered":"Home"},"content":{"rendered":"<div data-elementor-type=\"wp-page\" data-elementor-id=\"26624\" class=\"elementor elementor-26624\" data-elementor-post-type=\"page\">\n\t\t\t\t<div class=\"elementor-element elementor-element-08d39ae e-flex e-con-boxed wpr-particle-no wpr-jarallax-no wpr-parallax-no wpr-sticky-section-no wpr-equal-height-no e-con e-parent\" data-id=\"08d39ae\" data-element_type=\"container\" data-e-type=\"container\" data-settings=\"{&quot;background_background&quot;:&quot;video&quot;,&quot;background_video_link&quot;:&quot;https:\\\/\\\/gwsfilter.com\\\/wp-content\\\/uploads\\\/2026\\\/02\\\/5657100-uhd_4096_2160_30fps.mp4&quot;,&quot;background_video_end&quot;:200,&quot;background_play_on_mobile&quot;:&quot;yes&quot;,&quot;background_video_start&quot;:1}\">\n\t\t\t\t\t<div class=\"e-con-inner\">\n\t\t<div class=\"elementor-background-video-container\">\n\t\t\t\t\t\t\t<video class=\"elementor-background-video-hosted\" role=\"presentation\" autoplay muted playsinline loop><\/video>\n\t\t\t\t\t<\/div><div class=\"elementor-element elementor-element-79813a8 e-con-full e-flex wpr-particle-no wpr-jarallax-no wpr-parallax-no wpr-sticky-section-no wpr-equal-height-no elementor-invisible e-con e-child\" data-id=\"79813a8\" data-element_type=\"container\" data-e-type=\"container\" data-settings=\"{&quot;animation&quot;:&quot;zoomIn&quot;}\">\n\t\t\t\t<div class=\"elementor-element elementor-element-2cfc113 wpr-fancy-text-rotate-1 wpr-advanced-text-style-animated wpr-animated-text-infinite-yes elementor-widget elementor-widget-wpr-advanced-text\" data-id=\"2cfc113\" data-element_type=\"widget\" data-e-type=\"widget\" data-settings=\"{&quot;anim_loop&quot;:&quot;yes&quot;}\" data-widget_type=\"wpr-advanced-text.default\">\n\t\t\t\t\t\n\t\t<h3 class=\"wpr-advanced-text\">\n\n\t\t\t\t\t\n\t\t\t\t\t\t\t<span class=\"wpr-advanced-text-preffix\">German Water Systems<\/span>\n\t\t\t\n\t\t<span class=\"wpr-anim-text wpr-anim-text-type-rotate-1\" data-anim-duration=\"1000,2000\" data-anim-loop=\"yes\">\n\t\t\t<span class=\"wpr-anim-text-inner\">\n\t\t\t\t\t\t\t\t\t<b>Wasserfilteranlage<\/b>\n\t\t\t\t\t\t\t\t\t<b>Reines Trinkwasser<\/b>\n\t\t\t\t\t\t\t<\/span>\n\t\t\t\t\t<\/span>\n\n\t\t\t\t\n\t\t<\/h3>\n\t\t\n\t\t\t\t\t\t<\/div>\n\t\t\t\t<div class=\"elementor-element elementor-element-bedf400 wpr-button-icon-style-inline wpr-button-icon-position-right elementor-widget elementor-widget-wpr-button\" data-id=\"bedf400\" data-element_type=\"widget\" data-e-type=\"widget\" data-widget_type=\"wpr-button.default\">\n\t\t\t\t\t\t\n\t\t\t\n\t\t\n\t\t<div class=\"wpr-button-wrap elementor-clearfix\">\n\t\t<a class=\"wpr-button wpr-button-effect wpr-button-none\" data-text=\"\" href=\"https:\/\/gwsfilter.com\/de\/about\/\">\n\t\t\t\n\t\t\t<span class=\"wpr-button-content\">\n\t\t\t\t\t\t\t\t\t<span class=\"wpr-button-text\">About Us<\/span>\n\t\t\t\t\t\t\t\t\n\t\t\t\t\t\t\t\t\t<span class=\"wpr-button-icon\"><svg class=\"e-font-icon-svg e-fas-arrow-right\" viewbox=\"0 0 448 512\" xmlns=\"http:\/\/www.w3.org\/2000\/svg\"><path d=\"M190.5 66.9l22.2-22.2c9.4-9.4 24.6-9.4 33.9 0L441 239c9.4 9.4 9.4 24.6 0 33.9L246.6 467.3c-9.4 9.4-24.6 9.4-33.9 0l-22.2-22.2c-9.5-9.5-9.3-25 .4-34.3L311.4 296H24c-13.3 0-24-10.7-24-24v-32c0-13.3 10.7-24 24-24h287.4L190.9 101.2c-9.8-9.3-10-24.8-.4-34.3z\"><\/path><\/svg><\/span>\n\t\t\t\t\t\t\t<\/span>\n\t\t<\/a>\n\n\t\t\t\t<\/div>\n\t\n\t\n\t\t\t\t\t<\/div>\n\t\t\t\t<\/div>\n\t\t\t\t\t<\/div>\n\t\t\t\t<\/div>\n\t\t<div class=\"elementor-element elementor-element-73f7f20 e-con-full e-flex wpr-particle-no wpr-jarallax-no wpr-parallax-no wpr-sticky-section-no wpr-equal-height-no e-con e-parent\" data-id=\"73f7f20\" data-element_type=\"container\" data-e-type=\"container\">\n\t\t\t\t<div class=\"elementor-element elementor-element-6d7a1ab elementor-widget elementor-widget-heading\" data-id=\"6d7a1ab\" data-element_type=\"widget\" data-e-type=\"widget\" data-widget_type=\"heading.default\">\n\t\t\t\t\t<h2 class=\"elementor-heading-title elementor-size-default\">Mehrere Anwendungen<\/h2>\t\t\t\t<\/div>\n\t\t\t\t<\/div>\n\t\t<div class=\"elementor-element elementor-element-360e25e e-grid e-con-boxed wpr-particle-no wpr-jarallax-no wpr-parallax-no wpr-sticky-section-no wpr-equal-height-no e-con e-parent\" data-id=\"360e25e\" data-element_type=\"container\" data-e-type=\"container\">\n\t\t\t\t\t<div class=\"e-con-inner\">\n\t\t\t\t<div class=\"elementor-element elementor-element-5a3e969 elementor-position-top elementor-widget elementor-widget-image-box\" data-id=\"5a3e969\" data-element_type=\"widget\" data-e-type=\"widget\" data-widget_type=\"image-box.default\">\n\t\t\t\t\t<div class=\"elementor-image-box-wrapper\"><figure class=\"elementor-image-box-img\"><img decoding=\"async\" width=\"24\" height=\"24\" src=\"https:\/\/gwsfilter.com\/wp-content\/uploads\/2026\/01\/home.svg\" class=\"attachment-large size-large wp-image-26672\" alt=\"\" \/><\/figure><div class=\"elementor-image-box-content\"><h3 class=\"elementor-image-box-title\">Home<\/h3><p class=\"elementor-image-box-description\">Die ultimative L\u00f6sung f\u00fcr sauberes Wasser zu Hause Das GWS-Filtersystem kombiniert leistungsstarke Filterung mit einem eleganten, kompakten\nDesign, das problemlos unter den Sp\u00fclbecken passt.\n<\/p><\/div><\/div>\t\t\t\t<\/div>\n\t\t\t\t<div class=\"elementor-element elementor-element-96198b5 elementor-position-top elementor-widget elementor-widget-image-box\" data-id=\"96198b5\" data-element_type=\"widget\" data-e-type=\"widget\" data-widget_type=\"image-box.default\">\n\t\t\t\t\t<div class=\"elementor-image-box-wrapper\"><figure class=\"elementor-image-box-img\"><img decoding=\"async\" width=\"24\" height=\"24\" src=\"https:\/\/gwsfilter.com\/wp-content\/uploads\/2026\/01\/rv-truck.svg\" class=\"attachment-large size-large wp-image-26671\" alt=\"\" \/><\/figure><div class=\"elementor-image-box-content\"><h3 class=\"elementor-image-box-title\">RV Camping<br><\/h3><p class=\"elementor-image-box-description\">\nPerfekt f\u00fcr Camping,\nReisen und Outdoor-Abenteuer,\nmobil und\nvielseitig: Schnell\naus der K\u00fcche zu entfernen\nund im Wohnmobil oder Zelt zu verwenden,\nmit optionalem\nAkku f\u00fcr\nvollst\u00e4ndige\nUnabh\u00e4ngigkeit.\n<\/p><\/div><\/div>\t\t\t\t<\/div>\n\t\t\t\t<div class=\"elementor-element elementor-element-17b526d elementor-position-top elementor-widget elementor-widget-image-box\" data-id=\"17b526d\" data-element_type=\"widget\" data-e-type=\"widget\" data-widget_type=\"image-box.default\">\n\t\t\t\t\t<div class=\"elementor-image-box-wrapper\"><figure class=\"elementor-image-box-img\"><img decoding=\"async\" width=\"24\" height=\"24\" src=\"https:\/\/gwsfilter.com\/wp-content\/uploads\/2026\/02\/sail-boat.svg\" class=\"attachment-full size-full wp-image-27178\" alt=\"\" \/><\/figure><div class=\"elementor-image-box-content\"><h3 class=\"elementor-image-box-title\">Boot<\/h3><p class=\"elementor-image-box-description\">Wasserquelle: Filtert Wasser aus Seen, Fl\u00fcssen und anderen nat\u00fcrlichen Quellen sicher.\n<\/p><\/div><\/div>\t\t\t\t<\/div>\n\t\t\t\t\t<\/div>\n\t\t\t\t<\/div>\n\t\t<div class=\"elementor-element elementor-element-f21d88a e-flex e-con-boxed wpr-particle-no wpr-jarallax-no wpr-parallax-no wpr-sticky-section-no wpr-equal-height-no e-con e-parent\" data-id=\"f21d88a\" data-element_type=\"container\" data-e-type=\"container\">\n\t\t\t\t\t<div class=\"e-con-inner\">\n\t\t<div class=\"elementor-element elementor-element-9076b82 e-con-full e-flex wpr-particle-no wpr-jarallax-no wpr-parallax-no wpr-sticky-section-no wpr-equal-height-no e-con e-child\" data-id=\"9076b82\" data-element_type=\"container\" data-e-type=\"container\">\n\t\t\t\t<div class=\"elementor-element elementor-element-753aeef elementor-invisible elementor-widget elementor-widget-image\" data-id=\"753aeef\" data-element_type=\"widget\" data-e-type=\"widget\" data-settings=\"{&quot;_animation&quot;:&quot;fadeIn&quot;}\" data-widget_type=\"image.default\">\n\t\t\t\t\t\t\t\t\t\t\t\t\t\t\t<img decoding=\"async\" src=\"https:\/\/gwsfilter.com\/wp-content\/uploads\/2026\/01\/Schweden_02-1-scaled-e1769516955540.jpg\" title=\"Schweden_02\" alt=\"Schweden_02\" loading=\"lazy\" \/>\t\t\t\t\t\t\t\t\t\t\t\t\t\t\t<\/div>\n\t\t\t\t<div class=\"elementor-element elementor-element-0ba9918 elementor-widget elementor-widget-button\" data-id=\"0ba9918\" data-element_type=\"widget\" data-e-type=\"widget\" data-widget_type=\"button.default\">\n\t\t\t\t\t\t\t\t\t\t<a class=\"elementor-button elementor-button-link elementor-size-sm\" href=\"https:\/\/gwsfilter.com\/de\/product\/\">\n\t\t\t\t\t\t<span class=\"elementor-button-content-wrapper\">\n\t\t\t\t\t\t\t\t\t<span class=\"elementor-button-text\">Produkt<\/span>\n\t\t\t\t\t<\/span>\n\t\t\t\t\t<\/a>\n\t\t\t\t\t\t\t\t<\/div>\n\t\t<div class=\"elementor-element elementor-element-13ac1f0 e-grid e-con-full wpr-particle-no wpr-jarallax-no wpr-parallax-no wpr-sticky-section-no wpr-equal-height-no elementor-invisible e-con e-child\" data-id=\"13ac1f0\" data-element_type=\"container\" data-e-type=\"container\" data-settings=\"{&quot;animation&quot;:&quot;zoomIn&quot;}\">\n\t\t\t\t<div class=\"elementor-element elementor-element-180d11e elementor-widget elementor-widget-heading\" data-id=\"180d11e\" data-element_type=\"widget\" data-e-type=\"widget\" data-widget_type=\"heading.default\">\n\t\t\t\t\t<h4 class=\"elementor-heading-title elementor-size-default\">GWS \n\n<\/h4>\t\t\t\t<\/div>\n\t\t\t\t<div class=\"elementor-element elementor-element-e9b3236 elementor-widget elementor-widget-text-editor\" data-id=\"e9b3236\" data-element_type=\"widget\" data-e-type=\"widget\" data-widget_type=\"text-editor.default\">\n\t\t\t\t\t\t\t\t\t<h5>PERFEKTE FILTRATION MIT GWS-TECHNOLOGIE<\/h5>\t\t\t\t\t\t\t\t<\/div>\n\t\t\t\t<div class=\"elementor-element elementor-element-99d8933 elementor-widget elementor-widget-text-editor\" data-id=\"99d8933\" data-element_type=\"widget\" data-e-type=\"widget\" data-widget_type=\"text-editor.default\">\n\t\t\t\t\t\t\t\t\t<p>Das ultimative Wasserfiltersystem kombiniert die Leistungsf\u00e4higkeit der Umkehrosmose (RO) mit Aktivkohletechnologie, um un\u00fcbertroffene Reinheit und Qualit\u00e4t zu erzielen. Zusammen entfernen diese Technologien \u00fcber 99 % der sch\u00e4dlichen Verunreinigungen und liefern Wasser, das nicht nur gesund ist, sondern auch revitalisiert und mineralisiert wurde, sodass es frisch und rein schmeckt. Komponenten aus Edelstahl verhindern das Wachstum von Bakterien und halten das Wasser sauber.<\/p>\t\t\t\t\t\t\t\t<\/div>\n\t\t\t\t<div class=\"elementor-element elementor-element-17ca973 elementor-widget elementor-widget-image\" data-id=\"17ca973\" data-element_type=\"widget\" data-e-type=\"widget\" data-widget_type=\"image.default\">\n\t\t\t\t\t\t\t\t\t\t\t\t\t\t\t<img loading=\"lazy\" decoding=\"async\" width=\"960\" height=\"639\" src=\"https:\/\/gwsfilter.com\/wp-content\/uploads\/2026\/01\/pexels-photo-6980570-1-1024x682.webp\" class=\"attachment-large size-large wp-image-26216\" alt=\"\" srcset=\"https:\/\/gwsfilter.com\/wp-content\/uploads\/2026\/01\/pexels-photo-6980570-1-1024x682.webp 1024w, https:\/\/gwsfilter.com\/wp-content\/uploads\/2026\/01\/pexels-photo-6980570-1-300x200.webp 300w, https:\/\/gwsfilter.com\/wp-content\/uploads\/2026\/01\/pexels-photo-6980570-1-768x512.webp 768w, https:\/\/gwsfilter.com\/wp-content\/uploads\/2026\/01\/pexels-photo-6980570-1-1536x1024.webp 1536w, https:\/\/gwsfilter.com\/wp-content\/uploads\/2026\/01\/pexels-photo-6980570-1.webp 1880w\" sizes=\"(max-width: 960px) 100vw, 960px\" \/>\t\t\t\t\t\t\t\t\t\t\t\t\t\t\t<\/div>\n\t\t\t\t<div class=\"elementor-element elementor-element-c0446d2 elementor-widget elementor-widget-image\" data-id=\"c0446d2\" data-element_type=\"widget\" data-e-type=\"widget\" data-widget_type=\"image.default\">\n\t\t\t\t\t\t\t\t\t\t\t\t\t\t\t<img loading=\"lazy\" decoding=\"async\" width=\"300\" height=\"225\" src=\"https:\/\/gwsfilter.com\/wp-content\/uploads\/2026\/01\/GWS_Sockel-300x225-1.jpg\" class=\"attachment-full size-full wp-image-25379\" alt=\"gws sockel 300x225\" srcset=\"https:\/\/gwsfilter.com\/wp-content\/uploads\/2026\/01\/GWS_Sockel-300x225-1.jpg 300w, https:\/\/gwsfilter.com\/wp-content\/uploads\/2026\/01\/GWS_Sockel-300x225-1-16x12.jpg 16w, https:\/\/gwsfilter.com\/wp-content\/uploads\/2026\/01\/GWS_Sockel-300x225-1-200x150.jpg 200w\" sizes=\"(max-width: 300px) 100vw, 300px\" \/>\t\t\t\t\t\t\t\t\t\t\t\t\t\t\t<\/div>\n\t\t\t\t<div class=\"elementor-element elementor-element-82c0056 elementor-widget elementor-widget-text-editor\" data-id=\"82c0056\" data-element_type=\"widget\" data-e-type=\"widget\" data-widget_type=\"text-editor.default\">\n\t\t\t\t\t\t\t\t\t<p>German Water Systems reinigt Ihr Wasser nicht nur \u2013 wir revitalisieren es. Unser innovatives mehrstufiges Umkehrosmose-System entfernt sch\u00e4dliche R\u00fcckst\u00e4nde und liefert Ihnen direkt reines, strukturiertes und energetisiertes Wasser. Wir sind davon \u00fcberzeugt, dass Wasser in Premiumqualit\u00e4t f\u00fcr alle selbstverst\u00e4ndlich sein sollte und kein Luxus. Schutz vor Chlor, Chloramin, VOCs, THMs, Arzneimitteln und mehr.<\/p>\t\t\t\t\t\t\t\t<\/div>\n\t\t\t\t<\/div>\n\t\t\t\t<\/div>\n\t\t\t\t\t<\/div>\n\t\t\t\t<\/div>\n\t\t<div class=\"elementor-element elementor-element-2538abb e-flex e-con-boxed wpr-particle-no wpr-jarallax-no wpr-parallax-no wpr-sticky-section-no wpr-equal-height-no e-con e-parent\" data-id=\"2538abb\" data-element_type=\"container\" data-e-type=\"container\">\n\t\t\t\t\t<div class=\"e-con-inner\">\n\t\t\t\t<div class=\"elementor-element elementor-element-e1a7f28 elementor-widget-divider--view-line elementor-widget elementor-widget-divider\" data-id=\"e1a7f28\" data-element_type=\"widget\" data-e-type=\"widget\" data-widget_type=\"divider.default\">\n\t\t\t\t\t\t\t<div class=\"elementor-divider\">\n\t\t\t<span class=\"elementor-divider-separator\">\n\t\t\t\t\t\t<\/span>\n\t\t<\/div>\n\t\t\t\t\t\t<\/div>\n\t\t\t\t\t<\/div>\n\t\t\t\t<\/div>\n\t\t<div class=\"elementor-element elementor-element-ee11520 e-con-full e-flex wpr-particle-no wpr-jarallax-no wpr-parallax-no wpr-sticky-section-no wpr-equal-height-no elementor-invisible e-con e-parent\" data-id=\"ee11520\" data-element_type=\"container\" data-e-type=\"container\" data-settings=\"{&quot;background_background&quot;:&quot;classic&quot;,&quot;animation&quot;:&quot;slideInUp&quot;}\">\n\t\t\t\t<div class=\"elementor-element elementor-element-cb848bb elementor-widget elementor-widget-heading\" data-id=\"cb848bb\" data-element_type=\"widget\" data-e-type=\"widget\" data-widget_type=\"heading.default\">\n\t\t\t\t\t<h2 class=\"elementor-heading-title elementor-size-default\">Gesundheitliche Vorteile<\/h2>\t\t\t\t<\/div>\n\t\t\t\t<div class=\"elementor-element elementor-element-3616dfd elementor-widget elementor-widget-heading\" data-id=\"3616dfd\" data-element_type=\"widget\" data-e-type=\"widget\" data-widget_type=\"heading.default\">\n\t\t\t\t\t<h2 class=\"elementor-heading-title elementor-size-default\">Warum ist Wasser so wichtig?<\/h2>\t\t\t\t<\/div>\n\t\t\t\t<div class=\"elementor-element elementor-element-0e3ed07 elementor-widget__width-initial elementor-widget elementor-widget-text-editor\" data-id=\"0e3ed07\" data-element_type=\"widget\" data-e-type=\"widget\" data-widget_type=\"text-editor.default\">\n\t\t\t\t\t\t\t\t\t<p>Trinkwasser ist f\u00fcr das \u00dcberleben des Menschen lebenswichtig, da es etwa 70 % des gesamten K\u00f6rpergewichts ausmacht. \u00dcber das blo\u00dfe \u00dcberleben hinaus bietet eine ausreichende Fl\u00fcssigkeitszufuhr mehrere wichtige gesundheitliche Vorteile:<\/p>\t\t\t\t\t\t\t\t<\/div>\n\t\t\t\t<div class=\"elementor-element elementor-element-75769ee elementor-align-center elementor-widget elementor-widget-button\" data-id=\"75769ee\" data-element_type=\"widget\" data-e-type=\"widget\" data-widget_type=\"button.default\">\n\t\t\t\t\t\t\t\t\t\t<a class=\"elementor-button elementor-button-link elementor-size-sm\" href=\"#\">\n\t\t\t\t\t\t<span class=\"elementor-button-content-wrapper\">\n\t\t\t\t\t\t\t\t\t<span class=\"elementor-button-text\">Hier klicken<\/span>\n\t\t\t\t\t<\/span>\n\t\t\t\t\t<\/a>\n\t\t\t\t\t\t\t\t<\/div>\n\t\t\t\t<\/div>\n\t\t<div class=\"elementor-element elementor-element-56ad1c9 e-flex e-con-boxed wpr-particle-no wpr-jarallax-no wpr-parallax-no wpr-sticky-section-no wpr-equal-height-no e-con e-parent\" data-id=\"56ad1c9\" data-element_type=\"container\" data-e-type=\"container\" data-settings=\"{&quot;background_background&quot;:&quot;classic&quot;}\">\n\t\t\t\t\t<div class=\"e-con-inner\">\n\t\t<div class=\"elementor-element elementor-element-a085422 e-con-full e-flex wpr-particle-no wpr-jarallax-no wpr-parallax-no wpr-sticky-section-no wpr-equal-height-no elementor-invisible e-con e-child\" data-id=\"a085422\" data-element_type=\"container\" data-e-type=\"container\" data-settings=\"{&quot;animation&quot;:&quot;fadeIn&quot;}\">\n\t\t\t\t<div class=\"elementor-element elementor-element-975081a elementor-widget elementor-widget-heading\" data-id=\"975081a\" data-element_type=\"widget\" data-e-type=\"widget\" data-widget_type=\"heading.default\">\n\t\t\t\t\t<h2 class=\"elementor-heading-title elementor-size-default\">Total Care Service<\/h2>\t\t\t\t<\/div>\n\t\t\t\t<div class=\"elementor-element elementor-element-e94a336 elementor-widget elementor-widget-image\" data-id=\"e94a336\" data-element_type=\"widget\" data-e-type=\"widget\" data-widget_type=\"image.default\">\n\t\t\t\t\t\t\t\t\t\t\t\t\t\t\t<img loading=\"lazy\" decoding=\"async\" width=\"300\" height=\"200\" src=\"https:\/\/gwsfilter.com\/wp-content\/uploads\/2026\/01\/pexels-photo-2583028-300x200.webp\" class=\"attachment-medium size-medium wp-image-26215\" alt=\"\" srcset=\"https:\/\/gwsfilter.com\/wp-content\/uploads\/2026\/01\/pexels-photo-2583028-300x200.webp 300w, https:\/\/gwsfilter.com\/wp-content\/uploads\/2026\/01\/pexels-photo-2583028-1024x682.webp 1024w, https:\/\/gwsfilter.com\/wp-content\/uploads\/2026\/01\/pexels-photo-2583028-768x512.webp 768w, https:\/\/gwsfilter.com\/wp-content\/uploads\/2026\/01\/pexels-photo-2583028-1536x1024.webp 1536w, https:\/\/gwsfilter.com\/wp-content\/uploads\/2026\/01\/pexels-photo-2583028.webp 1880w\" sizes=\"(max-width: 300px) 100vw, 300px\" \/>\t\t\t\t\t\t\t\t\t\t\t\t\t\t\t<\/div>\n\t\t\t\t<div class=\"elementor-element elementor-element-6fcd5fb elementor-widget elementor-widget-heading\" data-id=\"6fcd5fb\" data-element_type=\"widget\" data-e-type=\"widget\" data-widget_type=\"heading.default\">\n\t\t\t\t\t<h2 class=\"elementor-heading-title elementor-size-default\">Total Care Service bietet Ihnen einen Rundum-Service f\u00fcr Ihr System, sodass Sie sich um nichts k\u00fcmmern m\u00fcssen.\nUnser Team erinnert Sie an anstehende Wartungstermine, ersetzt\nVerschlei\u00dfteile und sorgt daf\u00fcr, dass Ihr System reibungslos funktioniert.<\/h2>\t\t\t\t<\/div>\n\t\t\t\t<div class=\"elementor-element elementor-element-2d601c8 wpr-button-icon-style-inline wpr-button-icon-position-right elementor-widget elementor-widget-wpr-button\" data-id=\"2d601c8\" data-element_type=\"widget\" data-e-type=\"widget\" data-widget_type=\"wpr-button.default\">\n\t\t\t\t\t\t\n\t\t\t\n\t\t\n\t\t<div class=\"wpr-button-wrap elementor-clearfix\">\n\t\t<a class=\"wpr-button wpr-button-effect wpr-button-none\" data-text=\"\" href=\"#link\">\n\t\t\t\n\t\t\t<span class=\"wpr-button-content\">\n\t\t\t\t\t\t\t\t\t<span class=\"wpr-button-text\">Service<\/span>\n\t\t\t\t\t\t\t\t\n\t\t\t\t\t\t\t\t\t<span class=\"wpr-button-icon\"><svg class=\"e-font-icon-svg e-fas-arrow-right\" viewbox=\"0 0 448 512\" xmlns=\"http:\/\/www.w3.org\/2000\/svg\"><path d=\"M190.5 66.9l22.2-22.2c9.4-9.4 24.6-9.4 33.9 0L441 239c9.4 9.4 9.4 24.6 0 33.9L246.6 467.3c-9.4 9.4-24.6 9.4-33.9 0l-22.2-22.2c-9.5-9.5-9.3-25 .4-34.3L311.4 296H24c-13.3 0-24-10.7-24-24v-32c0-13.3 10.7-24 24-24h287.4L190.9 101.2c-9.8-9.3-10-24.8-.4-34.3z\"><\/path><\/svg><\/span>\n\t\t\t\t\t\t\t<\/span>\n\t\t<\/a>\n\n\t\t\t\t<\/div>\n\t\n\t\n\t\t\t\t\t<\/div>\n\t\t\t\t<\/div>\n\t\t\t\t\t<\/div>\n\t\t\t\t<\/div>\n\t\t\t\t<\/div>","protected":false},"excerpt":{"rendered":"<p>German Water Systems Water filter system Pure drinking water About Us Varias Applications Home The ultimate solution for clean water at home The GWS filter system combines high-performance filtration with an elegant, compact design that fits easily under the kitchen sink. RV Camping Perfect for Camping, Travel &amp; Outdoor Adventure, Mobile &amp; Versatile: Quickly removed from the kitchen and used in a camper or tent providing an optional battery pack for complete independence. Boat Water Source: Safely filters water from lakes, rivers and other natural sources. Product GWS PERFECT FILTRATION WITH GWS TECHNOLOGY The ultimate water filtration system, combines the power of reverse osmosis (RO) with activated carbon technology to deliver unsurpassed purity and quality. Together, these technologies remove over 99% of harmful contaminants and deliver water that is not only healthy, but also revitalized and mineralized to taste fresh and clean. Stainless steel components prevent the growth of bacteria and keep the water clean. German Water Systems, we don\u2019t just clean your water\u2014we revitalize it. Our innovative multi-stage reverse osmosis system removes harmful residues to deliver pure,structured, and energized water directly\u00a0to you. We believe that premium-quality water should be a standard for all, not a luxury. Protection from Chlorine, Chloramine, VOCs, THMs, Pharmaceuticals, and More. Health Benefits Why is Water so Important Drinking water is vital for human survival, as it makes up approximately 70% of total body weight. Beyond basic survival, maintaining proper hydration offers several key health advantages: Click here Total Care Service Total Care Service offers complete service of your system with no worries. Our Team will remind you of upcoming maintenance appointments, replace wearing parts,and keep your system running smoothly. Service<\/p>","protected":false},"author":1,"featured_media":0,"parent":0,"menu_order":0,"comment_status":"closed","ping_status":"closed","template":"elementor_header_footer","meta":{"footnotes":""},"class_list":["post-26624","page","type-page","status-publish","hentry"],"_links":{"self":[{"href":"https:\/\/gwsfilter.com\/de\/wp-json\/wp\/v2\/pages\/26624","targetHints":{"allow":["GET"]}}],"collection":[{"href":"https:\/\/gwsfilter.com\/de\/wp-json\/wp\/v2\/pages"}],"about":[{"href":"https:\/\/gwsfilter.com\/de\/wp-json\/wp\/v2\/types\/page"}],"author":[{"embeddable":true,"href":"https:\/\/gwsfilter.com\/de\/wp-json\/wp\/v2\/users\/1"}],"replies":[{"embeddable":true,"href":"https:\/\/gwsfilter.com\/de\/wp-json\/wp\/v2\/comments?post=26624"}],"version-history":[{"count":204,"href":"https:\/\/gwsfilter.com\/de\/wp-json\/wp\/v2\/pages\/26624\/revisions"}],"predecessor-version":[{"id":27387,"href":"https:\/\/gwsfilter.com\/de\/wp-json\/wp\/v2\/pages\/26624\/revisions\/27387"}],"wp:attachment":[{"href":"https:\/\/gwsfilter.com\/de\/wp-json\/wp\/v2\/media?parent=26624"}],"curies":[{"name":"wp","href":"https:\/\/api.w.org\/{rel}","templated":true}]}}