{"id":2332,"date":"2023-02-24T10:16:04","date_gmt":"2023-02-24T10:16:04","guid":{"rendered":"https:\/\/gwsfilter.com\/?page_id=2332"},"modified":"2026-02-03T14:03:03","modified_gmt":"2026-02-03T13:03:03","slug":"agb","status":"publish","type":"page","link":"https:\/\/gwsfilter.com\/en_ca\/agb\/","title":{"rendered":"AGBs"},"content":{"rendered":"\t\t<div data-elementor-type=\"wp-page\" data-elementor-id=\"2332\" class=\"elementor elementor-2332\" data-elementor-post-type=\"page\">\n\t\t\t\t<div class=\"elementor-element elementor-element-466221b5 e-flex e-con-boxed wpr-particle-no wpr-jarallax-no wpr-parallax-no wpr-sticky-section-no wpr-equal-height-no e-con e-parent\" data-id=\"466221b5\" data-element_type=\"container\" data-e-type=\"container\">\n\t\t\t\t\t<div class=\"e-con-inner\">\n\t\t\t\t<div class=\"elementor-element elementor-element-52710e14 elementor-widget elementor-widget-text-editor\" data-id=\"52710e14\" data-element_type=\"widget\" data-e-type=\"widget\" data-widget_type=\"text-editor.default\">\n\t\t\t\t\t\t\t\t\t<h4><\/h4>\n<h6><code>Allgemeine <\/code><span style=\"background-color: #e9ebec; color: #222222;\">Gesch\u00e4ftsbedingungen der German Water Systems (GWS)<\/span><\/h6>\n<p class=\"wp-block-code has-small-font-size\" style=\"border-style: none; border-width: 0px;\"><span style=\"background-color: #e9ebec; color: #222222;\">\u2022 Allgemeines <\/span><\/p>\n<p class=\"wp-block-code has-small-font-size\" style=\"border-style: none; border-width: 0px;\"><span style=\"background-color: #e9ebec; color: #222222;\">\u2022 Diese Gesch\u00e4ftsbedingungen gelten f\u00fcr alle Vertr\u00e4ge, Lieferungen und sonstigen Leistungen der German Water Systems (GWS), Helenenburgweg 7-1, 74321,Bietigheim-Bissingen (nachstehend: \u201eVerk\u00e4ufer\u201c), gegen\u00fcber seinen Kunden betreffend den Verkauf, die Lieferung, Montage und Wartung von GWS Filteranlagen. Abweichende Vorschriften des K\u00e4ufers gelten nicht, es sei denn, der Verk\u00e4ufer hat dies ausdr\u00fccklich und schriftlich best\u00e4tigt. F\u00fcr eine bessere Lesbarkeit bezeichnet das Wort \u201cK\u00e4ufer\u201d sowohl m\u00e4nnliche, weibliche und diverse Personengruppen als auch Unternehmen. <\/span><\/p>\n<p class=\"wp-block-code has-small-font-size\" style=\"border-style: none; border-width: 0px;\"><span style=\"background-color: #e9ebec; color: #222222;\">\u2022 Die Gesch\u00e4ftsbeziehungen zwischen dem Verk\u00e4ufer und dem K\u00e4ufer unterliegen dem Recht der Bundesrepublik Deutschland. Bei Verbrauchern gilt diese Rechtswahl nur insoweit, als nicht der gew\u00e4hrte Schutz durch zwingende Bestimmungen des Rechts des Staates, in dem der Verbraucher seinen gew\u00f6hnlichen Aufenthalt hat, entzogen wird. Die Geltung von UN-Kaufrecht ist ausgeschlossen.<\/span><\/p>\n<p class=\"wp-block-code has-small-font-size\" style=\"border-style: none; border-width: 0px;\"><span style=\"background-color: #e9ebec; color: #222222;\">\u2022 Im Einzelfall mit dem K\u00e4ufer getroffene Vereinbarungen (auch Nebenabreden, Erg\u00e4nzungen und \u00c4nderungen) haben in jedem Fall Vorrang vor diesen Gesch\u00e4ftsbedingungen. <\/span><\/p>\n<p class=\"wp-block-code has-small-font-size\" style=\"border-style: none; border-width: 0px;\"><span style=\"background-color: #e9ebec; color: #222222;\">\u2022 Die Vertragssprache ist deutsch.<\/span><\/p>\n<p class=\"wp-block-code has-small-font-size\" style=\"border-style: none; border-width: 0px;\"><span style=\"background-color: #e9ebec; color: #222222;\">\u2022 Gerichtsstand ist der Sitz der German Water Systems (GWS), aktuell Bietigheim- Bissingen, soweit der K\u00e4ufer Kaufmann, eine juristische Person des \u00f6ffentlichen Rechts oder \u00f6ffentlich-rechtliches Sonderverm\u00f6gen ist. Dasselbe gilt, wenn ein K\u00e4ufer keinen allgemeinen Gerichtsstand in Deutschland hat oder der Wohnsitz oder gew\u00f6hnlichen Aufenthalt im Zeitpunkt der Klageerhebung nicht bekannt sind. <\/span><\/p>\n<p class=\"wp-block-code has-small-font-size\" style=\"border-style: none; border-width: 0px;\"><span style=\"background-color: #e9ebec; color: #222222;\">\u2022 Informationspflicht gem. Verbraucherstreitbelegungsgesetz (\u00a7 36 VSBG): Der Verk\u00e4ufer ist zur Teilnahme an weiteren Streitbelegungsverfahren vor einer Verbraucherschlichtungsstelle weder bereit noch verpflichtet.<\/span><\/p>\n<p class=\"wp-block-code has-small-font-size\" style=\"border-style: none; border-width: 0px;\"><span style=\"background-color: #e9ebec; color: #222222;\">\u2022 Vertragsschluss Die Unterzeichnung der Vertragsformulare durch den K\u00e4ufer stellt ein Angebot auf Abschluss eines Vertrages \u00fcber den Kauf, die Lieferung, Montage und ggf. die Wartung einer GWS Filteranlage dar. Dieses Angebot wird mit Zugang des durch den Verk\u00e4ufer unterzeichneten Vertrages oder einer anderen schriftlichen Zusage des Verk\u00e4ufers angenommen. <\/span><\/p>\n<p class=\"wp-block-code has-small-font-size\" style=\"border-style: none; border-width: 0px;\"><span style=\"background-color: #e9ebec; color: #222222;\">\u2022 Preise, Umsatzsteuer und Zahlung.<\/span><\/p>\n<p class=\"wp-block-code has-small-font-size\" style=\"border-style: none; border-width: 0px;\"><span style=\"background-color: #e9ebec; color: #222222;\">\u2022 Es gelten die vereinbarten Preise. S\u00e4mtliche Preise beinhalten die gesetzliche Umsatzsteuer.<\/span><\/p>\n<p class=\"wp-block-code has-small-font-size\" style=\"border-style: none; border-width: 0px;\"><span style=\"background-color: #e9ebec; color: #222222;\">\u2022 Der Verkauf sowie die Lieferung, Montage und ggf. die Wartung der GWS Filteranlage erfolgt auf Rechnung. Zahlungen sind innerhalb von 14 Tagen ab Rechnungsstellung jedoch nicht vor Lieferung und Montage der GWS Filteranlage bzw. bei Wartungen nicht vor Durchf\u00fchrung der Wartung zu begleichen. <\/span><\/p>\n<p class=\"wp-block-code has-small-font-size\" style=\"border-style: none; border-width: 0px;\"><span style=\"background-color: #e9ebec; color: #222222;\">\u2022 Kommt ein K\u00e4ufer mit seinen Zahlungsverpflichtungen in Verzug, so kann der Verk\u00e4ufer Schadensersatz nach den gesetzlichen Bestimmungen verlangen. <\/span><\/p>\n<p class=\"wp-block-code has-small-font-size\" style=\"border-style: none; border-width: 0px;\"><span style=\"background-color: #e9ebec; color: #222222;\">\u2022 Lieferung und Gefahr\u00fcbergang einer GWS Filteranlage .<\/span><\/p>\n<p class=\"wp-block-code has-small-font-size\" style=\"border-style: none; border-width: 0px;\"><span style=\"background-color: #e9ebec; color: #222222;\">\u2022 Die bestellte GWS Filteranlage wird, sofern vertraglich nicht abweichend vereinbart, an die vom K\u00e4ufer angegebene Adresse geliefert. Die Lieferfrist wird individuell vereinbart. Die Lieferung erfolgt ausschlie\u00dflich innerhalb Deutschlands, aus dem Lager des Verk\u00e4ufers. <\/span><\/p>\n<p class=\"wp-block-code has-small-font-size\" style=\"border-style: none; border-width: 0px;\"><span style=\"background-color: #e9ebec; color: #222222;\">\u2022 Die Gefahr des zuf\u00e4lligen Untergangs und der zuf\u00e4lligen Verschlechterung der Ware geht mit der \u00dcbergabe auf den K\u00e4ufer \u00fcber. <\/span><\/p>\n<p class=\"wp-block-code has-small-font-size\" style=\"border-style: none; border-width: 0px;\"><span style=\"background-color: #e9ebec; color: #222222;\">\u2022 Eigentumsvorbehalt, Zur\u00fcckbehaltungsrecht <\/span><\/p>\n<p class=\"wp-block-code has-small-font-size\" style=\"border-style: none; border-width: 0px;\"><span style=\"background-color: #e9ebec; color: #222222;\">\u2022 Die gelieferte GWS Filteranlage und im Rahmen der Wartung eingebaute Filter bleiben bis zur Erf\u00fcllung aller Forderungen aus dem Vertrag im Eigentum des Verk\u00e4ufers. Der K\u00e4ufer verpflichtet sich, die GWS Filteranlage bis zum Eigentums\u00fcbergang sachgem\u00e4\u00df und pfleglich zu behandeln. Etwaige Besch\u00e4digungen wird er dem Verk\u00e4ufer unverz\u00fcglich anzeigen. Die Gefahr der Besch\u00e4digung und des Untergangs der GWS Filteranlage tr\u00e4gt der K\u00e4ufer. <\/span><\/p>\n<p>\u00a0<\/p>\n<p class=\"wp-block-code has-small-font-size\" style=\"border-style: none; border-width: 0px;\"><span style=\"background-color: #e9ebec; color: #222222;\">\u2022 Bis zur vollst\u00e4ndigen Zahlung des Kaufpreises wird der K\u00e4ufer die GWS Filteranlage weder verleihen, verkaufen, vermieten, verpf\u00e4nden noch in sonstiger Weise \u00fcber diese verf\u00fcgen. F\u00fcr den Fall, dass Dritte beabsichtigen, das Ger\u00e4t zu pf\u00e4nden, wird er den Verk\u00e4ufer unverz\u00fcglich unterrichten. Alle zur Beseitigung von Pf\u00e4ndungen und Einbehaltungen sowie zur Wiederbeschaffung der GWS Filteranlage aufzuwendenden gerichtlichen und au\u00dfergerichtlichen Kosten sind vom K\u00e4ufer zu erstatten. <\/span><\/p>\n<p class=\"wp-block-code has-small-font-size\" style=\"border-style: none; border-width: 0px;\"><span style=\"background-color: #e9ebec; color: #222222;\">\u2022 Aufrechnungsrechte stehen dem K\u00e4ufer nur zu, wenn seine Gegenanspr\u00fcche rechtskr\u00e4ftig festgestellt, unbestritten oder vom Verk\u00e4ufer anerkannt sind. Bei M\u00e4ngeln der Lieferung bleiben die Gegenrechte des K\u00e4fers unber\u00fchrt, insbesondere sein Recht, einen im Verh\u00e4ltnis zum Mangel angemessenen Teil des Kaufpreises zur\u00fcckzubehalten. Au\u00dferdem ist der K\u00e4ufer zur Aus\u00fcbung eines Zur\u00fcckbehaltungsrechts insoweit befugt, als sein Gegenanspruch auf dem gleichen Vertragsverh\u00e4ltnis beruht. <\/span><\/p>\n<p class=\"wp-block-code has-small-font-size\" style=\"border-style: none; border-width: 0px;\"><span style=\"background-color: #e9ebec; color: #222222;\">\u2022 Wartung der GWS Filteranlage.<\/span><\/p>\n<p class=\"wp-block-code has-small-font-size\" style=\"border-style: none; border-width: 0px;\"><span style=\"background-color: #e9ebec; color: #222222;\">\u2022 Die Wartung umfasst den j\u00e4hrlichen Austausch der Vorfilter, ggf. den Austausch der Molekularmembran sowie die Kontrolle der gesamten GWS Filteranlage zu dem im Wartungsvertrag vereinbarten Preis. Der Verk\u00e4ufer best\u00e4tigt dem K\u00e4ufer die Wartung und den Filtertausch in einem digitalen Wartungsheft. <\/span><\/p>\n<p class=\"wp-block-code has-small-font-size\" style=\"border-style: none; border-width: 0px;\"><span style=\"background-color: #e9ebec; color: #222222;\">\u2022 Der Wartungsvertrag hat eine Laufzeit von 24 Monaten. Er verl\u00e4ngert sich auf unbestimmte Zeit, sofern er nicht zuvor mit einer Frist von einem Monat gek\u00fcndigt wird. Im Falle einer Verl\u00e4ngerung des Vertrages auf unbestimmte Zeit, ist dieser monatlich k\u00fcndbar. <\/span><\/p>\n<p class=\"wp-block-code has-small-font-size\" style=\"border-style: none; border-width: 0px;\"><span style=\"background-color: #e9ebec; color: #222222;\">\u2022 Die den Filterwechsel inkludierende Wartungspauschale erh\u00f6ht sich in regelm\u00e4\u00dfigen Abst\u00e4nden, jedoch erstmals nicht vor Ablauf von 12 Monaten nach Abschluss des Wartungsvertrages. <\/span><\/p>\n<p class=\"wp-block-code has-small-font-size\" style=\"border-style: none; border-width: 0px;\"><span style=\"background-color: #e9ebec; color: #222222;\">\u2022 Gew\u00e4hrleistung und Haftung.<\/span><\/p>\n<p class=\"wp-block-code has-small-font-size\" style=\"border-style: none; border-width: 0px;\"><span style=\"background-color: #e9ebec; color: #222222;\"> \u2022 F\u00fcr die Rechte des K\u00e4ufers bei Sach- und Rechtsm\u00e4ngeln (einschlie\u00dflich Falsch- und Minderlieferung sowie unsachgem\u00e4\u00dfer Montage\/Installation oder mangelhafter Anleitungen) gelten die gesetzlichen Vorschriften, soweit nachfolgend nichts anderes bestimmt ist. In allen F\u00e4llen unber\u00fchrt bleiben die gesetzlichen Sondervorschriften zum Aufwendungsersatz bei Endlieferung der neu hergestellten Ware an einen Verbraucher (Lieferantenregress gem. \u00a7\u00a7 478, 445a, 445b). <\/span><\/p>\n<p class=\"wp-block-code has-small-font-size\" style=\"border-style: none; border-width: 0px;\"><span style=\"background-color: #e9ebec; color: #222222;\">\u2022 Au\u00dferhalb der Haftung f\u00fcr Sach- und Rechtsm\u00e4ngel haftet der Verk\u00e4ufer unbeschr\u00e4nkt, soweit die Schadensursache auf Vorsatz oder grober Fahrl\u00e4ssigkeit beruht. Er haftet auch f\u00fcr die leicht fahrl\u00e4ssige Verletzung von wesentlichen Pflichten (Pflichten, deren Verletzung die Erreichung des Vertragszwecks gef\u00e4hrdet) sowie f\u00fcr die Verletzung von Kardinal pflichten (Pflichten, deren Erf\u00fcllung die ordnungsgem\u00e4\u00dfe Durchf\u00fchrung des Vertrages \u00fcberhaupt erst erm\u00f6glicht und auf deren Einhaltung der Kunde regelm\u00e4\u00dfig vertraut), jedoch jeweils nur f\u00fcr den vorhersehbaren, vertragstypischen Schaden. F\u00fcr die leicht fahrl\u00e4ssige Verletzung anderer als der vorstehenden Pflichten haftet der Verk\u00e4ufer nicht. <\/span><\/p>\n<p class=\"wp-block-code has-small-font-size\" style=\"border-style: none; border-width: 0px;\"><span style=\"background-color: #e9ebec; color: #222222;\">\u2022 Die Haftungsbeschr\u00e4nkungen des vorstehenden Absatzes gelten nicht bei der Verletzung von Leben, K\u00f6rper und Gesundheit, f\u00fcr einen Mangel nach \u00dcbernahme einer Garantie f\u00fcr die Beschaffenheit des Produktes und bei arglistig verschwiegenen M\u00e4ngeln. Die Haftung nach dem Produkthaftungsgesetz bleibt unber\u00fchrt. <\/span><\/p>\n<p class=\"wp-block-code has-small-font-size\" style=\"border-style: none; border-width: 0px;\"><span style=\"background-color: #e9ebec; color: #222222;\">\u2022 Ist die Haftung des Verk\u00e4ufers ausgeschlossen oder beschr\u00e4nkt, so gilt dies ebenfalls f\u00fcr die pers\u00f6nliche Haftung seiner Angestellten, Vertreter und Erf\u00fcllungsgehilfen. <\/span><\/p>\n<p class=\"wp-block-code has-small-font-size\" style=\"border-style: none; border-width: 0px;\"><span style=\"background-color: #e9ebec; color: #222222;\">\u2022 Datenschutz Der Verk\u00e4ufer erhebt, verarbeitet und nutzt personenbezogene Daten nach Ma\u00dfgabe seiner Datenschutzerkl\u00e4rung und der gesetzlichen Bestimmungen. Stand: 23.03.2022<\/span><\/p>\n\t\t\t\t\t\t\t\t<\/div>\n\t\t\t\t\t<\/div>\n\t\t\t\t<\/div>\n\t\t\t\t<\/div>\n\t\t","protected":false},"excerpt":{"rendered":"","protected":false},"author":1,"featured_media":0,"parent":0,"menu_order":8,"comment_status":"closed","ping_status":"closed","template":"elementor_canvas","meta":{"footnotes":""},"class_list":["post-2332","page","type-page","status-publish","hentry"],"_links":{"self":[{"href":"https:\/\/gwsfilter.com\/en_ca\/wp-json\/wp\/v2\/pages\/2332","targetHints":{"allow":["GET"]}}],"collection":[{"href":"https:\/\/gwsfilter.com\/en_ca\/wp-json\/wp\/v2\/pages"}],"about":[{"href":"https:\/\/gwsfilter.com\/en_ca\/wp-json\/wp\/v2\/types\/page"}],"author":[{"embeddable":true,"href":"https:\/\/gwsfilter.com\/en_ca\/wp-json\/wp\/v2\/users\/1"}],"replies":[{"embeddable":true,"href":"https:\/\/gwsfilter.com\/en_ca\/wp-json\/wp\/v2\/comments?post=2332"}],"version-history":[{"count":16,"href":"https:\/\/gwsfilter.com\/en_ca\/wp-json\/wp\/v2\/pages\/2332\/revisions"}],"predecessor-version":[{"id":26145,"href":"https:\/\/gwsfilter.com\/en_ca\/wp-json\/wp\/v2\/pages\/2332\/revisions\/26145"}],"wp:attachment":[{"href":"https:\/\/gwsfilter.com\/en_ca\/wp-json\/wp\/v2\/media?parent=2332"}],"curies":[{"name":"wp","href":"https:\/\/api.w.org\/{rel}","templated":true}]}}